{"id":12330,"date":"2026-03-30T13:06:56","date_gmt":"2026-03-30T13:06:56","guid":{"rendered":"https:\/\/www.marcmasmitjapujol.com\/?page_id=12330"},"modified":"2026-03-30T13:07:59","modified_gmt":"2026-03-30T13:07:59","slug":"libros-publicados","status":"publish","type":"page","link":"https:\/\/www.marcmasmitjapujol.com\/es\/libros-publicados\/","title":{"rendered":"Libros publicados"},"content":{"rendered":"<p><div class=\"fusion-fullwidth fullwidth-box fusion-builder-row-1 fusion-flex-container has-pattern-background has-mask-background nonhundred-percent-fullwidth non-hundred-percent-height-scrolling\" style=\"--awb-border-radius-top-left:0px;--awb-border-radius-top-right:0px;--awb-border-radius-bottom-right:0px;--awb-border-radius-bottom-left:0px;--awb-flex-wrap:wrap;\" ><div class=\"fusion-builder-row fusion-row fusion-flex-align-items-flex-start fusion-flex-content-wrap\" style=\"max-width:1144px;margin-left: calc(-4% \/ 2 );margin-right: calc(-4% \/ 2 );\"><div class=\"fusion-layout-column fusion_builder_column fusion-builder-column-0 fusion_builder_column_1_1 1_1 fusion-flex-column\" style=\"--awb-bg-size:cover;--awb-width-large:100%;--awb-margin-top-large:0px;--awb-spacing-right-large:1.92%;--awb-margin-bottom-large:20px;--awb-spacing-left-large:1.92%;--awb-width-medium:100%;--awb-order-medium:0;--awb-spacing-right-medium:1.92%;--awb-spacing-left-medium:1.92%;--awb-width-small:100%;--awb-order-small:0;--awb-spacing-right-small:1.92%;--awb-spacing-left-small:1.92%;\"><div class=\"fusion-column-wrapper fusion-column-has-shadow fusion-flex-justify-content-flex-start fusion-content-layout-column\"><style type=\"text\/css\">.fusion-portfolio-wrapper#fusion-portfolio-1 .fusion-portfolio-content{  text-align: center; }<\/style><div class=\"fusion-recent-works fusion-portfolio-element fusion-portfolio fusion-portfolio-1 fusion-portfolio-grid fusion-portfolio-paging-infinite fusion-portfolio-two fusion-portfolio-unboxed fusion-portfolio-text fusion-portfolio-equal-heights fusion-portfolio-rollover fusion-animated\" data-id=\"-rw-1\" data-columns=\"two\" data-animationType=\"fadeInLeft\" data-animationDuration=\"0.3\" data-animationOffset=\"top-into-view\"><style type=\"text\/css\">.fusion-portfolio-1 .fusion-portfolio-wrapper .fusion-col-spacing{padding:6px;}<\/style><div class=\"fusion-portfolio-wrapper\" id=\"fusion-portfolio-1\" data-picturesize=\"auto\" data-pages=\"1\" style=\"margin:-6px;\"><article id=\"portfolio-1-post-12371\" class=\"fusion-portfolio-post fusion-col-spacing post-12371\"><div class=\"fusion-portfolio-content-wrapper\" style=\"border:none;\"><span class=\"vcard rich-snippet-hidden\"><span class=\"fn\"><a href=\"https:\/\/www.marcmasmitjapujol.com\/es\/author\/admin-marc\/\" title=\"Entradas de admin-marc\" rel=\"author\">admin-marc<\/a><\/span><\/span><span class=\"updated rich-snippet-hidden\">2026-03-30T13:15:36+00:00<\/span><div  class=\"fusion-image-wrapper\" aria-haspopup=\"true\">\n\t\t\t\t<img decoding=\"async\" width=\"1424\" height=\"1785\" src=\"https:\/\/www.marcmasmitjapujol.com\/wp-content\/uploads\/2012\/07\/claus-per-unes-finances-empresarials-dexit.jpg\" class=\"attachment-full size-full wp-post-image\" alt=\"\" srcset=\"https:\/\/www.marcmasmitjapujol.com\/wp-content\/uploads\/2012\/07\/claus-per-unes-finances-empresarials-dexit-200x251.jpg 200w, https:\/\/www.marcmasmitjapujol.com\/wp-content\/uploads\/2012\/07\/claus-per-unes-finances-empresarials-dexit-400x501.jpg 400w, https:\/\/www.marcmasmitjapujol.com\/wp-content\/uploads\/2012\/07\/claus-per-unes-finances-empresarials-dexit-600x752.jpg 600w, https:\/\/www.marcmasmitjapujol.com\/wp-content\/uploads\/2012\/07\/claus-per-unes-finances-empresarials-dexit-800x1003.jpg 800w, https:\/\/www.marcmasmitjapujol.com\/wp-content\/uploads\/2012\/07\/claus-per-unes-finances-empresarials-dexit-1200x1504.jpg 1200w, https:\/\/www.marcmasmitjapujol.com\/wp-content\/uploads\/2012\/07\/claus-per-unes-finances-empresarials-dexit.jpg 1424w\" sizes=\"(min-width: 2200px) 100vw, (min-width: 732px) 544px, (min-width: 640px) 732px, \" \/><div class=\"fusion-rollover\">\n\t<div class=\"fusion-rollover-content\">\n\n\t\t\t\t\t\t\t\t\t\t\t\t\t\t<a class=\"fusion-rollover-link\" href=\"https:\/\/www.marcmasmitjapujol.com\/es\/portfolio-items\/las-claves-para-unas-finanzas-empresariales-de-exito\/\">Las claves para unas finanzas empresariales de \u00e9xito<\/a>\n\t\t\t\n\t\t\t\t\t\t\t\t\t\t\t\t\t\t\n\t\t\t\t\t\t\t\t\n\t\t\t\t\t\t\t\t\t\t\t\t\t<div class=\"fusion-rollover-sep\"><\/div>\n\t\t\t\t\n\t\t\t\t\t\t\t\t\t\t\t\t\t\t\t\t\t\t<a class=\"fusion-rollover-gallery\" href=\"https:\/\/www.marcmasmitjapujol.com\/wp-content\/uploads\/2012\/07\/claus-per-unes-finances-empresarials-dexit.jpg\" data-options=\"\" data-id=\"12371\" data-rel=\"iLightbox[gallery-rw-1]\" data-title=\"claus-per-unes-finances-empresarials-dexit\" data-caption=\"\">\n\t\t\t\t\t\tGaler\u00eda\t\t\t\t\t<\/a>\n\t\t\t\t\t\t\t\t\t\t\t\t\t\t\n\t\t\n\t\t\t\t\t\t\t\t\t\t\t\t<h4 class=\"fusion-rollover-title\">\n\t\t\t\t\t<a class=\"fusion-rollover-title-link\" href=\"https:\/\/www.marcmasmitjapujol.com\/es\/portfolio-items\/las-claves-para-unas-finanzas-empresariales-de-exito\/\">\n\t\t\t\t\t\tLas claves para unas finanzas empresariales de \u00e9xito\t\t\t\t\t<\/a>\n\t\t\t\t<\/h4>\n\t\t\t\n\t\t\t\t\t\t\t\t\t\t\t\t\t\t\t\n\t\t\n\t\t\t\t\t\t<a class=\"fusion-link-wrapper\" href=\"https:\/\/www.marcmasmitjapujol.com\/es\/portfolio-items\/las-claves-para-unas-finanzas-empresariales-de-exito\/\" aria-label=\"Las claves para unas finanzas empresariales de \u00e9xito\"><\/a>\n\t<\/div>\n<\/div>\n<\/div>\n<div class=\"fusion-portfolio-content\"><h2 class=\"entry-title fusion-post-title\"><a href=\"https:\/\/www.marcmasmitjapujol.com\/es\/portfolio-items\/las-claves-para-unas-finanzas-empresariales-de-exito\/\">Las claves para unas finanzas empresariales de \u00e9xito<\/a><\/h2><div class=\"fusion-post-content\"><p>Las claves para unas finanzas empresariales de \u00e9xito: Controla los n\u00fameros o los n\u00fameros te controlar\u00e1n a t\u00ed Las finanzas son el coraz\u00f3n de cualquier empresa: entenderlas y gestionarlas correctamente  [...]<\/p><\/div><\/div><\/div><\/article><\/div><\/div><\/div><\/div><\/div><\/div><div class=\"fusion-fullwidth fullwidth-box fusion-builder-row-2 has-pattern-background has-mask-background hundred-percent-fullwidth non-hundred-percent-height-scrolling\" style=\"--awb-border-radius-top-left:0px;--awb-border-radius-top-right:0px;--awb-border-radius-bottom-right:0px;--awb-border-radius-bottom-left:0px;--awb-overflow:visible;--awb-margin-top:30px;--awb-flex-wrap:wrap;\" ><div class=\"fusion-builder-row fusion-row\"><div class=\"fusion-layout-column fusion_builder_column fusion-builder-column-1 fusion_builder_column_1_1 1_1 fusion-one-full fusion-column-first fusion-column-last\" style=\"--awb-bg-size:cover;\"><div class=\"fusion-column-wrapper fusion-flex-column-wrapper-legacy\"><div class=\"fusion-section-separator section-separator triangle fusion-section-separator-1\" style=\"--awb-border-top:1px solid #f6f6f6;--awb-spacer-height:1px;--awb-svg-margin-left:0;--awb-svg-margin-right:0;--awb-icon-color:#ffffff;\"><div class=\"fusion-section-separator-svg\"><div class=\"divider-candy-arrow top\" style=\"bottom:0px;border-bottom-color: #f6f6f6;\"><\/div><div class=\"divider-candy top\" style=\"top:-21px;border-bottom:1px solid #f6f6f6;border-left:1px solid #f6f6f6;\"><\/div><\/div><div class=\"fusion-section-separator-spacer\"><div class=\"fusion-section-separator-spacer-height\"><\/div><\/div><\/div><div class=\"fusion-clearfix\"><\/div><\/div><\/div><div class=\"fusion-layout-column fusion_builder_column fusion-builder-column-2 fusion_builder_column_1_1 1_1 fusion-one-full fusion-column-first fusion-column-last fusion-column-no-min-height\" style=\"--awb-bg-size:cover;--awb-margin-top:40px;--awb-margin-bottom:0px;\"><div class=\"fusion-column-wrapper fusion-flex-column-wrapper-legacy\"><div class=\"fusion-reading-box-container reading-box-container-1\" style=\"--awb-title-color:#5d0e8b;--awb-margin-top:0px;--awb-margin-bottom:84px;\"><div class=\"reading-box\" style=\"background-color:#f6f6f6;border-width:1px;border-color:#f6f6f6;border-top-width:3px;border-top-color:var(--primary_color);border-style:solid;\"><a class=\"button fusion-button button-default fusion-button-large button-large button-flat fusion-desktop-button fusion-tagline-button continue fusion-desktop-button-margin continue-right\" style=\"-webkit-box-shadow:none;-moz-box-shadow:none;box-shadow:none;border-radius:2px 2px 2px 2px\" href=\"\/es\/contacto\/\" target=\"_self\"><span>Contacta conmigo<\/span><\/a><h2>\u00bfNecesitas asesoramiento econ\u00f3mico y fiscal?<\/h2><div class=\"reading-box-description fusion-reading-box-additional\">Contacta amb mi i t'aclarir\u00e9 qualsevol dubte que puguis tenir a nivell financer, fiscal, etc.<\/div><div class=\"fusion-clearfix\"><\/div><a class=\"button fusion-button button-default fusion-button-large button-large button-flat fusion-mobile-button continue-right\" style=\"-webkit-box-shadow:none;-moz-box-shadow:none;box-shadow:none;border-radius:2px 2px 2px 2px\" href=\"\/es\/contacto\/\" target=\"_self\"><span>Contacta conmigo<\/span><\/a><\/div><\/div><div class=\"fusion-clearfix\"><\/div><\/div><\/div><\/div><\/div><\/p>\n","protected":false},"excerpt":{"rendered":"","protected":false},"author":1,"featured_media":0,"parent":0,"menu_order":0,"comment_status":"open","ping_status":"closed","template":"","meta":{"footnotes":""},"class_list":["post-12330","page","type-page","status-publish","hentry"],"_links":{"self":[{"href":"https:\/\/www.marcmasmitjapujol.com\/es\/wp-json\/wp\/v2\/pages\/12330","targetHints":{"allow":["GET"]}}],"collection":[{"href":"https:\/\/www.marcmasmitjapujol.com\/es\/wp-json\/wp\/v2\/pages"}],"about":[{"href":"https:\/\/www.marcmasmitjapujol.com\/es\/wp-json\/wp\/v2\/types\/page"}],"author":[{"embeddable":true,"href":"https:\/\/www.marcmasmitjapujol.com\/es\/wp-json\/wp\/v2\/users\/1"}],"replies":[{"embeddable":true,"href":"https:\/\/www.marcmasmitjapujol.com\/es\/wp-json\/wp\/v2\/comments?post=12330"}],"version-history":[{"count":3,"href":"https:\/\/www.marcmasmitjapujol.com\/es\/wp-json\/wp\/v2\/pages\/12330\/revisions"}],"predecessor-version":[{"id":12370,"href":"https:\/\/www.marcmasmitjapujol.com\/es\/wp-json\/wp\/v2\/pages\/12330\/revisions\/12370"}],"wp:attachment":[{"href":"https:\/\/www.marcmasmitjapujol.com\/es\/wp-json\/wp\/v2\/media?parent=12330"}],"curies":[{"name":"wp","href":"https:\/\/api.w.org\/{rel}","templated":true}]}}