{"id":12128,"date":"2018-11-06T13:45:05","date_gmt":"2018-11-06T13:45:05","guid":{"rendered":"http:\/\/www.marcmasmitjapujol.com\/cursos\/curs-borsa-banyoles-trader\/"},"modified":"2020-08-17T14:20:29","modified_gmt":"2020-08-17T14:20:29","slug":"curso-bolsa-banyoles-trader","status":"publish","type":"page","link":"https:\/\/www.marcmasmitjapujol.com\/es\/cursos\/curso-bolsa-banyoles-trader\/","title":{"rendered":"Curso bolsa Banyoles Trader"},"content":{"rendered":"<div class=\"fusion-fullwidth fullwidth-box fusion-builder-row-1 hundred-percent-fullwidth non-hundred-percent-height-scrolling\" style=\"--awb-border-radius-top-left:0px;--awb-border-radius-top-right:0px;--awb-border-radius-bottom-right:0px;--awb-border-radius-bottom-left:0px;--awb-overflow:visible;--awb-flex-wrap:wrap;\" ><div class=\"fusion-builder-row fusion-row\"><div class=\"fusion-layout-column fusion_builder_column fusion-builder-column-0 fusion_builder_column_1_1 1_1 fusion-one-full fusion-column-first fusion-column-last\" style=\"--awb-bg-size:cover;\"><div class=\"fusion-column-wrapper fusion-flex-column-wrapper-legacy\"><div class=\"fusion-text fusion-text-1\"><h3>Este es un curso de bolsa y mercados financieros, en el cual aprender\u00e1s a invertir seg\u00fan tu manera de ser y capacidad econ\u00f3mica. Ganar a bolsa no es dif\u00edcil, aun as\u00ed hay que tener en cuenta una serie de par\u00e1metros y separarte del que hace la mayor\u00eda de la gente.<\/h3>\n<ul>\n<li>El 98% de las personas que invierten regularmente en bolsa pierden dinero. Y sabes por qu\u00e9 pierden? Pues porque no aguantan haciendo las cosas bien el tiempo suficiente. NO es nada f\u00e1cil hacer las cosas bien y mucho menos divertido que hacer las cosas mal. La tentaci\u00f3n a desviarse de las reglas es muy grande y el aficionado se queda por el camino.<\/li>\n<li>En este curso NO empezar\u00e1s a ganar dinero r\u00e1pidamente.<\/li>\n<li>En este curso NO aprender\u00e1s m\u00e9todos milagrosos que en pocos d\u00edas te har\u00e1n millonario.<\/li>\n<li>El primero que aprender\u00e1s es a no perder dinero.<\/li>\n<li>La \u00fanica posibilidad que tendr\u00e1s de ser del 2% que gana, es siendo extremadamente DISCIPLINADO y aplicando una buena PSICOLOG\u00cdA y GESTI\u00d3N MONETARIA.<\/li>\n<li>Esto NO llegar\u00e1 r\u00e1pido sino en el transcurso de unos meses despu\u00e9s de haber empezado a ser disciplinado, por lo tanto, la PACIENCIA, es uno de cosas que m\u00e1s tendr\u00e1s que trabajar.<\/li>\n<li>Si sigues al pie de la letra lo que te ir\u00e9 explicando, en poco tiempo tiempo empezar\u00e1s a ganar dinero consistentemente. Primero tendr\u00e1s un complemento mensual a tus ingresos y m\u00e1s tarde, si te interesa te podr\u00e1s dedicar a la bolsa profesionalmente.<\/li>\n<li>Si todo esto no te convence piensa que LOS MILAGROS A LOURDES.<\/li>\n<\/ul>\n<\/div><div class=\"fusion-clearfix\"><\/div><\/div><\/div><div class=\"fusion-layout-column fusion_builder_column fusion-builder-column-1 fusion_builder_column_1_1 1_1 fusion-one-full fusion-column-first fusion-column-last\" style=\"--awb-bg-size:cover;\"><div class=\"fusion-column-wrapper fusion-flex-column-wrapper-legacy\"><div class=\"fusion-section-separator section-separator triangle fusion-section-separator-1\" style=\"--awb-border-top:1px solid #f6f6f6;--awb-spacer-height:1px;--awb-svg-margin-left:0;--awb-svg-margin-right:0;--awb-icon-color:#ffffff;\"><div class=\"fusion-section-separator-svg\"><div class=\"divider-candy-arrow top\" style=\"bottom:0px;border-bottom-color: #f6f6f6;\"><\/div><div class=\"divider-candy top\" style=\"top:-21px;border-bottom:1px solid #f6f6f6;border-left:1px solid #f6f6f6;\"><\/div><\/div><div class=\"fusion-section-separator-spacer\"><div class=\"fusion-section-separator-spacer-height\"><\/div><\/div><\/div><div class=\"fusion-clearfix\"><\/div><\/div><\/div><div class=\"fusion-layout-column fusion_builder_column fusion-builder-column-2 fusion_builder_column_1_1 1_1 fusion-one-full fusion-column-first fusion-column-last fusion-column-no-min-height\" style=\"--awb-bg-size:cover;--awb-margin-top:40px;--awb-margin-bottom:0px;\"><div class=\"fusion-column-wrapper fusion-flex-column-wrapper-legacy\"><div class=\"fusion-reading-box-container reading-box-container-1\" style=\"--awb-title-color:#5d0e8b;--awb-margin-top:0px;--awb-margin-bottom:84px;\"><div class=\"reading-box\" style=\"background-color:#f6f6f6;border-width:1px;border-color:#f6f6f6;border-top-width:3px;border-top-color:var(--primary_color);border-style:solid;\"><a class=\"button fusion-button button-default fusion-button-large button-large button-flat fusion-desktop-button fusion-tagline-button continue fusion-desktop-button-margin continue-right\" style=\"-webkit-box-shadow:none;-moz-box-shadow:none;box-shadow:none;border-radius:2px 2px 2px 2px\" href=\"..\/contacto\" target=\"_self\"><span>Contacta conmigo<\/span><\/a><h2>Necesitas asesoramiento econ\u00f3mico y fiscal?<\/h2><div class=\"reading-box-description fusion-reading-box-additional\">Contacta conmigo y te aclarar\u00e9 cualquier duda que puedas tener a nivel financiero, fiscal, etc.<\/div><div class=\"fusion-clearfix\"><\/div><a class=\"button fusion-button button-default fusion-button-large button-large button-flat fusion-mobile-button continue-right\" style=\"-webkit-box-shadow:none;-moz-box-shadow:none;box-shadow:none;border-radius:2px 2px 2px 2px\" href=\"..\/contacto\" target=\"_self\"><span>Contacta conmigo<\/span><\/a><\/div><\/div><div class=\"fusion-clearfix\"><\/div><\/div><\/div><\/div><\/div>\n","protected":false},"excerpt":{"rendered":"","protected":false},"author":1,"featured_media":0,"parent":12126,"menu_order":0,"comment_status":"open","ping_status":"closed","template":"","meta":{"footnotes":""},"class_list":["post-12128","page","type-page","status-publish","hentry"],"_links":{"self":[{"href":"https:\/\/www.marcmasmitjapujol.com\/es\/wp-json\/wp\/v2\/pages\/12128","targetHints":{"allow":["GET"]}}],"collection":[{"href":"https:\/\/www.marcmasmitjapujol.com\/es\/wp-json\/wp\/v2\/pages"}],"about":[{"href":"https:\/\/www.marcmasmitjapujol.com\/es\/wp-json\/wp\/v2\/types\/page"}],"author":[{"embeddable":true,"href":"https:\/\/www.marcmasmitjapujol.com\/es\/wp-json\/wp\/v2\/users\/1"}],"replies":[{"embeddable":true,"href":"https:\/\/www.marcmasmitjapujol.com\/es\/wp-json\/wp\/v2\/comments?post=12128"}],"version-history":[{"count":6,"href":"https:\/\/www.marcmasmitjapujol.com\/es\/wp-json\/wp\/v2\/pages\/12128\/revisions"}],"predecessor-version":[{"id":12155,"href":"https:\/\/www.marcmasmitjapujol.com\/es\/wp-json\/wp\/v2\/pages\/12128\/revisions\/12155"}],"up":[{"embeddable":true,"href":"https:\/\/www.marcmasmitjapujol.com\/es\/wp-json\/wp\/v2\/pages\/12126"}],"wp:attachment":[{"href":"https:\/\/www.marcmasmitjapujol.com\/es\/wp-json\/wp\/v2\/media?parent=12128"}],"curies":[{"name":"wp","href":"https:\/\/api.w.org\/{rel}","templated":true}]}}