{"id":12108,"date":"2018-11-05T14:04:15","date_gmt":"2018-11-05T14:04:15","guid":{"rendered":"http:\/\/www.marcmasmitjapujol.com\/serveis\/"},"modified":"2020-08-13T14:56:01","modified_gmt":"2020-08-13T14:56:01","slug":"servicios","status":"publish","type":"page","link":"https:\/\/www.marcmasmitjapujol.com\/es\/servicios\/","title":{"rendered":"Servicios"},"content":{"rendered":"<div class=\"fusion-fullwidth fullwidth-box fusion-builder-row-1 hundred-percent-fullwidth non-hundred-percent-height-scrolling\" style=\"--awb-border-radius-top-left:0px;--awb-border-radius-top-right:0px;--awb-border-radius-bottom-right:0px;--awb-border-radius-bottom-left:0px;--awb-overflow:visible;--awb-flex-wrap:wrap;\" ><div class=\"fusion-builder-row fusion-row\"><div class=\"fusion-layout-column fusion_builder_column fusion-builder-column-0 fusion_builder_column_1_1 1_1 fusion-one-full fusion-column-first fusion-column-last fusion-column-no-min-height\" style=\"--awb-bg-size:cover;--awb-margin-bottom:0px;\"><div class=\"fusion-column-wrapper fusion-flex-column-wrapper-legacy\"><div class=\"fusion-builder-row fusion-builder-row-inner fusion-row\"><div class=\"fusion-layout-column fusion_builder_column_inner fusion-builder-nested-column-0 fusion_builder_column_inner_1_2 1_2 fusion-one-half fusion-column-first\" style=\"--awb-bg-blend:overlay;--awb-bg-size:cover;width:50%;width:calc(50% - ( ( 4% ) * 0.5 ) );margin-right: 4%;\"><div class=\"fusion-column-wrapper fusion-flex-column-wrapper-legacy\"><div class=\"fusion-image-element in-legacy-container\" style=\"--awb-caption-title-font-family:var(--h2_typography-font-family);--awb-caption-title-font-weight:var(--h2_typography-font-weight);--awb-caption-title-font-style:var(--h2_typography-font-style);--awb-caption-title-size:var(--h2_typography-font-size);--awb-caption-title-transform:var(--h2_typography-text-transform);--awb-caption-title-line-height:var(--h2_typography-line-height);--awb-caption-title-letter-spacing:var(--h2_typography-letter-spacing);\"><span class=\" fusion-imageframe imageframe-none imageframe-1 hover-type-none\"><img decoding=\"async\" width=\"940\" height=\"350\" title=\"img-serveis-1\" src=\"http:\/\/www.marcmasmitjapujol.com\/wp-content\/uploads\/2018\/11\/img-serveis-1-1.jpg\" alt class=\"img-responsive wp-image-11879\" srcset=\"https:\/\/www.marcmasmitjapujol.com\/wp-content\/uploads\/2018\/11\/img-serveis-1-1-200x74.jpg 200w, https:\/\/www.marcmasmitjapujol.com\/wp-content\/uploads\/2018\/11\/img-serveis-1-1-400x149.jpg 400w, https:\/\/www.marcmasmitjapujol.com\/wp-content\/uploads\/2018\/11\/img-serveis-1-1-600x223.jpg 600w, https:\/\/www.marcmasmitjapujol.com\/wp-content\/uploads\/2018\/11\/img-serveis-1-1-800x298.jpg 800w, https:\/\/www.marcmasmitjapujol.com\/wp-content\/uploads\/2018\/11\/img-serveis-1-1.jpg 940w\" sizes=\"(max-width: 800px) 100vw, 600px\" \/><\/span><\/div><div class=\"fusion-reading-box-container reading-box-container-1\" style=\"--awb-title-color:#5d0e8b;--awb-margin-top:0px;--awb-margin-bottom:84px;\"><div class=\"reading-box\" style=\"background-color:#f6f6f6;border-width:1px;border-color:#f6f6f6;border-left-width:3px;border-left-color:var(--primary_color);border-style:solid;\"><h2>ASESOR\u00cdA FISCAL<\/h2><div class=\"reading-box-description fusion-reading-box-additional\">Gestionamos los impuestos y la contabilidad de empresas y aut\u00f3nomos.\nAnalizamos las obligaciones fiscales y tributarias de su empresa para optimizar beneficios y reducir la carga fiscal de la actividad.\nContacte con nosotros y le ofreceremos un presupuesto personalizado y adecuado a sus necesidades.<\/div><div class=\"reading-box-additional\">\n<p>Gestionamos los impuestos y la contabilidad de empresas y aut\u00f3nomos.<\/p>\n<p>Analizamos las obligaciones fiscales y tributarias de su empresa para optimizar beneficios y reducir la carga fiscal de l\u00b4actividad.<\/p>\n<p>Contacte con nosotros y le ofreceremos un presupuesto personalizado y adecuado a sus necesidades.<\/p>\n<\/div><div class=\"fusion-clearfix\"><\/div><\/div><\/div><div class=\"fusion-clearfix\"><\/div><\/div><\/div><div class=\"fusion-layout-column fusion_builder_column_inner fusion-builder-nested-column-1 fusion_builder_column_inner_1_2 1_2 fusion-one-half fusion-column-last\" style=\"--awb-bg-blend:overlay;--awb-bg-size:cover;width:50%;width:calc(50% - ( ( 4% ) * 0.5 ) );\"><div class=\"fusion-column-wrapper fusion-flex-column-wrapper-legacy\"><div class=\"fusion-image-element in-legacy-container\" style=\"--awb-caption-title-font-family:var(--h2_typography-font-family);--awb-caption-title-font-weight:var(--h2_typography-font-weight);--awb-caption-title-font-style:var(--h2_typography-font-style);--awb-caption-title-size:var(--h2_typography-font-size);--awb-caption-title-transform:var(--h2_typography-text-transform);--awb-caption-title-line-height:var(--h2_typography-line-height);--awb-caption-title-letter-spacing:var(--h2_typography-letter-spacing);\"><span class=\" fusion-imageframe imageframe-none imageframe-2 hover-type-none\"><img decoding=\"async\" width=\"940\" height=\"350\" title=\"img-serveis-2\" src=\"http:\/\/www.marcmasmitjapujol.com\/wp-content\/uploads\/2018\/11\/img-serveis-2.jpg\" alt class=\"img-responsive wp-image-11877\" srcset=\"https:\/\/www.marcmasmitjapujol.com\/wp-content\/uploads\/2018\/11\/img-serveis-2-200x74.jpg 200w, https:\/\/www.marcmasmitjapujol.com\/wp-content\/uploads\/2018\/11\/img-serveis-2-400x149.jpg 400w, https:\/\/www.marcmasmitjapujol.com\/wp-content\/uploads\/2018\/11\/img-serveis-2-600x223.jpg 600w, https:\/\/www.marcmasmitjapujol.com\/wp-content\/uploads\/2018\/11\/img-serveis-2-800x298.jpg 800w, https:\/\/www.marcmasmitjapujol.com\/wp-content\/uploads\/2018\/11\/img-serveis-2.jpg 940w\" sizes=\"(max-width: 800px) 100vw, 600px\" \/><\/span><\/div><div class=\"fusion-reading-box-container reading-box-container-2\" style=\"--awb-title-color:#5d0e8b;--awb-margin-top:0px;--awb-margin-bottom:84px;\"><div class=\"reading-box\" style=\"background-color:#f6f6f6;border-width:1px;border-color:#f6f6f6;border-left-width:3px;border-left-color:var(--primary_color);border-style:solid;\"><h2>ASESOR\u00cdA CONTABLE<\/h2><div class=\"reading-box-description fusion-reading-box-additional\">Externalice los procesos contables de su empresa. Le confeccionamos de una manera muy cuidada su contabilidad, y la llevamos siempre en el d\u00eda.\nLlevamos una contabilidad ordenada y transparente que le permitir\u00e1 tomar mejores decisiones operativas y estrat\u00e9gicas optimizando su gesti\u00f3n.\nContacte con nosotros y le ofreceremos un presupuesto personalizado y adecuado a sus necesidades.\n<\/div><div class=\"reading-box-additional\">Externalice los procesos contables de su empresa. Le confeccionamos de una manera muy cuidada su contabilidad, y llevada siempre al d\u00eda.<\/p>\n<p>Llevamos una contabilidad ordenada y transparente que le permitir\u00e1 tomar mejores decisiones operativas y estrat\u00e9gicas optimizando su gesti\u00f3n.<\/p>\n<p>Contacte con nosotros y le ofreceremos un presupuesto personalizado y adecuado a sus necesidades.<\/div><div class=\"fusion-clearfix\"><\/div><\/div><\/div><div class=\"fusion-clearfix\"><\/div><\/div><\/div><\/div><div class=\"fusion-builder-row fusion-builder-row-inner fusion-row\"><div class=\"fusion-layout-column fusion_builder_column_inner fusion-builder-nested-column-2 fusion_builder_column_inner_1_2 1_2 fusion-one-half fusion-column-first\" style=\"--awb-bg-blend:overlay;--awb-bg-size:cover;width:50%;width:calc(50% - ( ( 4% ) * 0.5 ) );margin-right: 4%;\"><div class=\"fusion-column-wrapper fusion-flex-column-wrapper-legacy\"><div class=\"fusion-image-element in-legacy-container\" style=\"--awb-caption-title-font-family:var(--h2_typography-font-family);--awb-caption-title-font-weight:var(--h2_typography-font-weight);--awb-caption-title-font-style:var(--h2_typography-font-style);--awb-caption-title-size:var(--h2_typography-font-size);--awb-caption-title-transform:var(--h2_typography-text-transform);--awb-caption-title-line-height:var(--h2_typography-line-height);--awb-caption-title-letter-spacing:var(--h2_typography-letter-spacing);\"><span class=\" fusion-imageframe imageframe-none imageframe-3 hover-type-none\"><img decoding=\"async\" width=\"940\" height=\"350\" title=\"img-serveis-3\" src=\"http:\/\/www.marcmasmitjapujol.com\/wp-content\/uploads\/2018\/11\/img-serveis-3.jpg\" alt class=\"img-responsive wp-image-11881\" srcset=\"https:\/\/www.marcmasmitjapujol.com\/wp-content\/uploads\/2018\/11\/img-serveis-3-200x74.jpg 200w, https:\/\/www.marcmasmitjapujol.com\/wp-content\/uploads\/2018\/11\/img-serveis-3-400x149.jpg 400w, https:\/\/www.marcmasmitjapujol.com\/wp-content\/uploads\/2018\/11\/img-serveis-3-600x223.jpg 600w, https:\/\/www.marcmasmitjapujol.com\/wp-content\/uploads\/2018\/11\/img-serveis-3-800x298.jpg 800w, https:\/\/www.marcmasmitjapujol.com\/wp-content\/uploads\/2018\/11\/img-serveis-3.jpg 940w\" sizes=\"(max-width: 800px) 100vw, 600px\" \/><\/span><\/div><div class=\"fusion-reading-box-container reading-box-container-3\" style=\"--awb-title-color:#5d0e8b;--awb-margin-top:0px;--awb-margin-bottom:84px;\"><div class=\"reading-box\" style=\"background-color:#f6f6f6;border-width:1px;border-color:#f6f6f6;border-left-width:3px;border-left-color:var(--primary_color);border-style:solid;\"><h2>ASESOR\u00cdA LABORAL<\/h2><div class=\"reading-box-description fusion-reading-box-additional\">Asesor\u00eda laboral y gesti\u00f3n de todo tipo de tr\u00e1mites entre trabajadores y administraci\u00f3n.\nAgilice las gestiones y optimice los recursos humanos de su empresa.\nLe garantizamos un asesoramiento laboral permanente que le ofrezca una respuesta instant\u00e1nea y legal sobre cualquier duda que pueda tener, con la garant\u00eda de m\u00e1xima confidencialidad y seguridad en todos los procesos.\nContacte con nosotros y le ofreceremos un presupuesto personalizado y adecuado a sus necesidades.\n<\/div><div class=\"reading-box-additional\">Asesor\u00eda laboral y gesti\u00f3n de todo tipo de tr\u00e1mites entre trabajadores y administraci\u00f3n.<\/p>\n<p>Agilice las gestiones y optimice los recursos humanos de su empresa.<\/p>\n<p>Le garantizamos un asesoramiento laboral permanente que le ofrezca una respuesta instant\u00e1nea y legal sobre cualquier duda que pueda tener, con la garant\u00eda de m\u00e1xima confidencialidad y seguridad en todos los procesos.<\/p>\n<p>Contacte con nosotros y le ofreceremos un presupuesto personalizado y adecuado a sus necesidades.<\/div><div class=\"fusion-clearfix\"><\/div><\/div><\/div><div class=\"fusion-clearfix\"><\/div><\/div><\/div><div class=\"fusion-layout-column fusion_builder_column_inner fusion-builder-nested-column-3 fusion_builder_column_inner_1_2 1_2 fusion-one-half fusion-column-last\" style=\"--awb-bg-blend:overlay;--awb-bg-size:cover;width:50%;width:calc(50% - ( ( 4% ) * 0.5 ) );\"><div class=\"fusion-column-wrapper fusion-flex-column-wrapper-legacy\"><div class=\"fusion-image-element in-legacy-container\" style=\"--awb-caption-title-font-family:var(--h2_typography-font-family);--awb-caption-title-font-weight:var(--h2_typography-font-weight);--awb-caption-title-font-style:var(--h2_typography-font-style);--awb-caption-title-size:var(--h2_typography-font-size);--awb-caption-title-transform:var(--h2_typography-text-transform);--awb-caption-title-line-height:var(--h2_typography-line-height);--awb-caption-title-letter-spacing:var(--h2_typography-letter-spacing);\"><span class=\" fusion-imageframe imageframe-none imageframe-4 hover-type-none\"><img decoding=\"async\" width=\"940\" height=\"350\" title=\"img-serveis-4\" src=\"http:\/\/www.marcmasmitjapujol.com\/wp-content\/uploads\/2018\/11\/img-serveis-4.jpg\" alt class=\"img-responsive wp-image-11883\" srcset=\"https:\/\/www.marcmasmitjapujol.com\/wp-content\/uploads\/2018\/11\/img-serveis-4-200x74.jpg 200w, https:\/\/www.marcmasmitjapujol.com\/wp-content\/uploads\/2018\/11\/img-serveis-4-400x149.jpg 400w, https:\/\/www.marcmasmitjapujol.com\/wp-content\/uploads\/2018\/11\/img-serveis-4-600x223.jpg 600w, https:\/\/www.marcmasmitjapujol.com\/wp-content\/uploads\/2018\/11\/img-serveis-4-800x298.jpg 800w, https:\/\/www.marcmasmitjapujol.com\/wp-content\/uploads\/2018\/11\/img-serveis-4.jpg 940w\" sizes=\"(max-width: 800px) 100vw, 600px\" \/><\/span><\/div><div class=\"fusion-reading-box-container reading-box-container-4\" style=\"--awb-title-color:#5d0e8b;--awb-margin-top:0px;--awb-margin-bottom:84px;\"><div class=\"reading-box\" style=\"background-color:#f6f6f6;border-width:1px;border-color:#f6f6f6;border-left-width:3px;border-left-color:var(--primary_color);border-style:solid;\"><h2>ASESOR\u00cdA LEGAL<\/h2><div class=\"reading-box-description fusion-reading-box-additional\">Trabajamos conjuntamente con un grupo de abogados, y le garantizamos un asesoramiento legal permanente, que le ofrezca una respuesta instant\u00e1nea sobre cualquier duda legal y le garantizamos la m\u00e1xima confidencialidad y seguridad en todos los procesos<\/div><div class=\"fusion-clearfix\"><\/div><\/div><\/div><div class=\"fusion-clearfix\"><\/div><\/div><\/div><\/div><div class=\"fusion-sep-clear\"><\/div><div class=\"fusion-separator fusion-full-width-sep\" style=\"margin-left: auto;margin-right: auto;margin-top:10px;margin-bottom:10px;width:100%;\"><\/div><div class=\"fusion-sep-clear\"><\/div><div class=\"fusion-reading-box-container reading-box-container-5\" style=\"--awb-title-color:#5d0e8b;--awb-margin-top:0px;--awb-margin-bottom:84px;\"><div class=\"reading-box\" style=\"background-color:#f6f6f6;border-width:1px;border-color:#f6f6f6;border-top-width:3px;border-top-color:var(--primary_color);border-style:solid;\"><a class=\"button fusion-button button-default fusion-button-default-size button-default-size button-flat fusion-desktop-button fusion-tagline-button continue fusion-desktop-button-margin continue-right\" style=\"-webkit-box-shadow:none;-moz-box-shadow:none;box-shadow:none;border-radius:2px 2px 2px 2px\" href=\"contacto\" target=\"_self\"><span>Contacta conmigo<\/span><\/a><h2>Necesitas asesoramiento econ\u00f3mico y fiscal?<\/h2><div class=\"reading-box-description fusion-reading-box-additional\">Contacta conmigo y te aclarar\u00e9 cualquier duda que puedas tener a nivel financiero, fiscal, etc.<\/div><div class=\"fusion-clearfix\"><\/div><a class=\"button fusion-button button-default fusion-button-default-size button-default-size button-flat fusion-mobile-button continue-right\" style=\"-webkit-box-shadow:none;-moz-box-shadow:none;box-shadow:none;border-radius:2px 2px 2px 2px\" href=\"contacto\" target=\"_self\"><span>Contacta conmigo<\/span><\/a><\/div><\/div><div class=\"fusion-clearfix\"><\/div><\/div><\/div><\/div><\/div>\n","protected":false},"excerpt":{"rendered":"","protected":false},"author":1,"featured_media":0,"parent":0,"menu_order":0,"comment_status":"open","ping_status":"closed","template":"","meta":{"footnotes":""},"class_list":["post-12108","page","type-page","status-publish","hentry"],"_links":{"self":[{"href":"https:\/\/www.marcmasmitjapujol.com\/es\/wp-json\/wp\/v2\/pages\/12108","targetHints":{"allow":["GET"]}}],"collection":[{"href":"https:\/\/www.marcmasmitjapujol.com\/es\/wp-json\/wp\/v2\/pages"}],"about":[{"href":"https:\/\/www.marcmasmitjapujol.com\/es\/wp-json\/wp\/v2\/types\/page"}],"author":[{"embeddable":true,"href":"https:\/\/www.marcmasmitjapujol.com\/es\/wp-json\/wp\/v2\/users\/1"}],"replies":[{"embeddable":true,"href":"https:\/\/www.marcmasmitjapujol.com\/es\/wp-json\/wp\/v2\/comments?post=12108"}],"version-history":[{"count":6,"href":"https:\/\/www.marcmasmitjapujol.com\/es\/wp-json\/wp\/v2\/pages\/12108\/revisions"}],"predecessor-version":[{"id":12151,"href":"https:\/\/www.marcmasmitjapujol.com\/es\/wp-json\/wp\/v2\/pages\/12108\/revisions\/12151"}],"wp:attachment":[{"href":"https:\/\/www.marcmasmitjapujol.com\/es\/wp-json\/wp\/v2\/media?parent=12108"}],"curies":[{"name":"wp","href":"https:\/\/api.w.org\/{rel}","templated":true}]}}