{"id":12096,"date":"2017-09-13T14:27:14","date_gmt":"2017-09-13T14:27:14","guid":{"rendered":"http:\/\/www.marcmasmitjapujol.com\/politica-de-privacitat\/"},"modified":"2024-11-20T11:23:12","modified_gmt":"2024-11-20T11:23:12","slug":"politica-de-privacidad","status":"publish","type":"page","link":"https:\/\/www.marcmasmitjapujol.com\/es\/politica-de-privacidad\/","title":{"rendered":"Pol\u00edtica de privacidad"},"content":{"rendered":"<div class=\"fusion-fullwidth fullwidth-box fusion-builder-row-1 hundred-percent-fullwidth non-hundred-percent-height-scrolling\" style=\"--awb-border-radius-top-left:0px;--awb-border-radius-top-right:0px;--awb-border-radius-bottom-right:0px;--awb-border-radius-bottom-left:0px;--awb-overflow:visible;--awb-flex-wrap:wrap;\" ><div class=\"fusion-builder-row fusion-row\"><div class=\"fusion-layout-column fusion_builder_column fusion-builder-column-0 fusion_builder_column_1_1 1_1 fusion-one-full fusion-column-first fusion-column-last fusion-column-no-min-height\" style=\"--awb-bg-size:cover;--awb-margin-bottom:0px;\"><div class=\"fusion-column-wrapper fusion-flex-column-wrapper-legacy\"><div class=\"fusion-title title fusion-title-1 sep-underline sep-solid fusion-title-text fusion-title-size-two\" style=\"--awb-margin-top-small:10px;--awb-margin-right-small:0px;--awb-margin-bottom-small:10px;--awb-margin-left-small:0px;\"><h2 class=\"fusion-title-heading title-heading-left fusion-responsive-typography-calculated\" style=\"margin:0;--fontSize:18;--minFontSize:18;line-height:1.5;\">POL\u00cdTICA DE PRIVACIDAD<\/h2><\/div><div class=\"fusion-clearfix\"><\/div><\/div><\/div><div class=\"fusion-layout-column fusion_builder_column fusion-builder-column-1 fusion_builder_column_1_1 1_1 fusion-one-full fusion-column-first fusion-column-last fusion-column-no-min-height\" style=\"--awb-padding-bottom:80px;--awb-bg-size:cover;--awb-margin-bottom:0px;\"><div class=\"fusion-column-wrapper fusion-flex-column-wrapper-legacy\"><div class=\"fusion-text fusion-text-1\"><h4>Informacion sobre Protecci\u00f3n de Datos<\/h4>\n<ol>\n<li style=\"list-style-type: none;\">\n<ol>\n<li><strong>Datos relativos al Responsable<\/strong><\/li>\n<\/ol>\n<\/li>\n<\/ol>\n<p><b>Responsable Tratamiento<\/b><\/p>\n<ol>\n<li style=\"list-style-type: none;\">\n<ol>\u00a0\u00a0&#8211; Entidad: MARC MASMITJA PUJOL<\/ol>\n<\/li>\n<\/ol>\n<ol>\n<li style=\"list-style-type: none;\">\n<ol>\u00a0\u00a0&#8211; CIF de la entidad: 40340963K<\/ol>\n<\/li>\n<\/ol>\n<ol>\n<li style=\"list-style-type: none;\">\n<ol>\u00a0\u00a0&#8211; Direccion de la entidad: CARRER REMEI, 53 &#8211; (17820) BANYOLES<\/ol>\n<\/li>\n<\/ol>\n<ol>\n<li style=\"list-style-type: none;\">\n<ol>\u00a0\u00a0&#8211; Email de la entidad: MARCMASMITJAPUJOL@ECONOMISTES.CAT<\/ol>\n<\/li>\n<\/ol>\n<ol>\n<li style=\"list-style-type: none;\">\n<ol>\u00a0\u00a0&#8211; Responsable del tratamiento : MARC MASMITJA PUJOL<\/ol>\n<\/li>\n<\/ol>\n<ol>\n<li style=\"list-style-type: none;\">\n<ol>\u00a0\u00a0&#8211; Tel\u00e9fono del Responsable del tratamiento : 696131133<\/ol>\n<\/li>\n<\/ol>\n<ol>\n<li style=\"list-style-type: none;\">\n<ol>\u00a0\u00a0&#8211; Direcci\u00f3n email del Responsable del tratamiento : MARCMASMITJAPUJOL@ECONOMISTES.CAT<\/ol>\n<\/li>\n<\/ol>\n<ol>\n<li style=\"list-style-type: none;\">\n<ol>\n<li><strong>Finalidades<\/strong><\/li>\n<\/ol>\n<\/li>\n<\/ol>\n<p>En cumplimiento de lo dispuesto en el Reglamento Europeo 2016\/679 General de Protecci\u00f3n de Datos y la Ley Org\u00e1nica 3\/2018 de Protecci\u00f3n de Datos Personales y Garant\u00eda de Derechos Digitales, le informamos de que, dependiendo de la relaci\u00f3n que tenga con nosotros, en\u00a0<strong>MARC MASMITJA PUJOL<\/strong>\u00a0tratamos los datos que nos facilita para alguna, o todas, las siguientes finalidades:<\/p>\n<ol>\n<li style=\"list-style-type: none;\">\n<ol>\n<li style=\"list-style-type: none;\">\n<ul>\n<li>Consulta online<\/li>\n<li>Informaci\u00f3n procedente de Cookies<\/li>\n<li>Tratamiento de datos para cursos y formaciones<\/li>\n<\/ul>\n<\/li>\n<\/ol>\n<\/li>\n<\/ol>\n<ol>\n<li style=\"list-style-type: none;\">\n<ol>\n<li><strong>Plazo de conservaci\u00f3n de los datos<\/strong><\/li>\n<\/ol>\n<\/li>\n<\/ol>\n<p>Sus datos ser\u00e1n conservados por un plazo de indefinido. En el caso que requiera su eliminaci\u00f3n de forma anticipada, solic\u00edtelo mediante el ejercicio del derecho de supresi\u00f3n. As\u00ed mismo, los datos que por motivos legales deban ser almacenados durante un tiempo necesario para cumplir normas espec\u00edficas, ser\u00e1n bloqueados y \u00fanicamente estar\u00e1n a disposici\u00f3n de la autoridad p\u00fablica correspondiente.<\/p>\n<ol>\n<li style=\"list-style-type: none;\">\n<ol>\n<li><strong>Legitimaci\u00f3n<\/strong><\/li>\n<\/ol>\n<\/li>\n<\/ol>\n<p>La base legal para el tratamiento de tus datos radica por:<\/p>\n<ol>\n<li style=\"list-style-type: none;\">\n<ol>\n<li style=\"list-style-type: none;\">\n<ul>\n<li>Consentimiento inequ\u00edvoco<\/li>\n<\/ul>\n<\/li>\n<\/ol>\n<\/li>\n<\/ol>\n<ol>\n<li style=\"list-style-type: none;\">\n<ol>\n<li><strong>Destinatarios<\/strong><\/li>\n<\/ol>\n<\/li>\n<\/ol>\n<p>Sus datos personales ser\u00e1n comunicados a terceros en los siguientes supuestos:<\/p>\n<ol>\n<li style=\"list-style-type: none;\">\n<ol>\n<li style=\"list-style-type: none;\">\n<ul>\n<li>No comparto los datos con terceros.<\/li>\n<\/ul>\n<\/li>\n<\/ol>\n<\/li>\n<\/ol>\n<ol>\n<li style=\"list-style-type: none;\">\n<ol>\n<li><strong>Derechos<\/strong><\/li>\n<\/ol>\n<\/li>\n<\/ol>\n<p>Tiene derecho a obtener confirmaci\u00f3n sobre si en\u00a0<strong>MARC MASMITJA PUJOL<\/strong>\u00a0estamos tratando datos personales que le conciernan, o no.<\/p>\n<p>Asimismo, tiene derecho de acceso a sus datos personales, as\u00ed como a solicitar la\u00a0<em>rectificaci\u00f3n<\/em>\u00a0de los datos inexactos o, en su caso, solicitar su\u00a0<em>supresi\u00f3n<\/em>\u00a0cuando, entre otros motivos, los datos ya no sean necesarios para los fines que fueron recogidos.<\/p>\n<p>En determinadas circunstancias, podr\u00e1 solicitar la\u00a0<em>limitaci\u00f3n del tratamiento<\/em>\u00a0de sus datos, en cuyo caso \u00fanicamente los conservaremos para el ejercicio o la defensa de reclamaciones.<\/p>\n<p>Adicionalmente, en determinadas circunstancias y por motivos relacionados con tu situaci\u00f3n particular, podr\u00e1 ejercer el derecho de\u00a0<em>oposici\u00f3n<\/em>\u00a0al tratamiento de sus datos.\u00a0<strong>MARC MASMITJA PUJOL<\/strong>\u00a0dejar\u00e1 de tratar los datos, salvo por motivos leg\u00edtimos imperiosos, o el ejercicio o la defensa de posibles reclamaciones.<\/p>\n<p>Asimismo, puede ejercer el derecho a la\u00a0<em>portabilidad<\/em>\u00a0de los datos, as\u00ed como retirar los consentimientos facilitados en cualquier momento, sin que ello afecte a la licitud del tratamiento basado en el consentimiento previo a su retirada.<\/p>\n<p>Si desea hacer uso de cualquiera de tus derechos puede realizarlos a trav\u00e9s de los enlaces habilitados que encontrar\u00e1 a continuaci\u00f3n:<\/p>\n<ol>\n<li style=\"list-style-type: none;\">\n<ol>\n<li style=\"list-style-type: none;\">\n<ul>\n<li>Para ejercer su derecho de\u00a0<strong>Acceso<\/strong>\u00a0haga clic\u00a0<a href=\"https:\/\/intranet.laboralrgpd.com\/webApp\/clientes_derechos\/derechos-formulario.php?id_cliente=SUs4OHZmUFUyYWoxT3hYOExRZUFoUT09\" target=\"_blank\" rel=\"noopener\">aqu\u00ed<\/a><\/li>\n<li>Para ejercer su derecho de\u00a0<strong>Rectificaci\u00f3n<\/strong>\u00a0haga clic\u00a0<a href=\"https:\/\/intranet.laboralrgpd.com\/webApp\/clientes_derechos\/derechos-formulario.php?id_cliente=SUs4OHZmUFUyYWoxT3hYOExRZUFoUT09\" target=\"_blank\" rel=\"noopener\">aqu\u00ed<\/a><\/li>\n<li>Para ejercer su derecho de\u00a0<strong>Supresi\u00f3n (Olvido)<\/strong>\u00a0haga clic\u00a0<a href=\"https:\/\/intranet.laboralrgpd.com\/webApp\/clientes_derechos\/derechos-formulario.php?id_cliente=SUs4OHZmUFUyYWoxT3hYOExRZUFoUT09\" target=\"_blank\" rel=\"noopener\">aqu\u00ed<\/a><\/li>\n<li>Para ejercer su derecho de\u00a0<strong>Limitaci\u00f3n del Tratamiento<\/strong>\u00a0haga clic\u00a0<a href=\"https:\/\/intranet.laboralrgpd.com\/webApp\/clientes_derechos\/derechos-formulario.php?id_cliente=SUs4OHZmUFUyYWoxT3hYOExRZUFoUT09\" target=\"_blank\" rel=\"noopener\">aqu\u00ed<\/a><\/li>\n<li>Para ejercer su derecho de\u00a0<strong>Oposici\u00f3n<\/strong>\u00a0haga clic\u00a0<a href=\"https:\/\/intranet.laboralrgpd.com\/webApp\/clientes_derechos\/derechos-formulario.php?id_cliente=SUs4OHZmUFUyYWoxT3hYOExRZUFoUT09\" target=\"_blank\" rel=\"noopener\">aqu\u00ed<\/a><\/li>\n<li>Para ejercer su derecho de\u00a0<strong>Portabilidad<\/strong>\u00a0haga clic\u00a0<a href=\"https:\/\/intranet.laboralrgpd.com\/webApp\/clientes_derechos\/derechos-formulario.php?id_cliente=SUs4OHZmUFUyYWoxT3hYOExRZUFoUT09\" target=\"_blank\" rel=\"noopener\">aqu\u00ed<\/a><\/li>\n<\/ul>\n<\/li>\n<\/ol>\n<\/li>\n<\/ol>\n<p>Alternativamente, tambi\u00e9n puede dirigirse a nosotros mediante correo postal a la siguiente direcci\u00f3n:\u00a0<strong>CARRER REMEI, 53 &#8211; (17820) BANYOLES<\/strong>\u00a0adjuntado una fotocopia del DNI, para la certeza de su identidad. Recuerde facilitar la mayor informaci\u00f3n posible sobre su solicitud: Nombre y apellidos, direcci\u00f3n de correo electr\u00f3nico que utiliza para la cuenta o portal objeto de tu solicitud.<\/p>\n<p>Por \u00faltimo, le informamos que puede dirigirse ante la Agencia Espa\u00f1ola de Protecci\u00f3n de Datos y dem\u00e1s organismos p\u00fablicos competentes para cualquier reclamaci\u00f3n derivada del tratamiento de tus datos personales.<\/p>\n<ol>\n<li style=\"list-style-type: none;\">\n<ol>\n<li><strong>Pol\u00edtica de cookies<\/strong><\/li>\n<\/ol>\n<\/li>\n<\/ol>\n<p>Para conocer las cookies que utilizamos en nuestra p\u00e1gina, recuerde que puede acceder a nuestra Pol\u00edtica de Cookies a trav\u00e9s del siguiente enlace\u00a0<a href=\"https:\/\/intranet.laboralrgpd.com\/politicaCookies\/index.php?sid=SUs4OHZmUFUyYWoxT3hYOExRZUFoUT09\" target=\"_blank\" rel=\"noopener\">pol\u00edtica de cookies<\/a><\/p>\n<\/div><div class=\"fusion-clearfix\"><\/div><\/div><\/div><\/div><\/div>\n","protected":false},"excerpt":{"rendered":"","protected":false},"author":1,"featured_media":0,"parent":0,"menu_order":0,"comment_status":"open","ping_status":"open","template":"","meta":{"footnotes":""},"class_list":["post-12096","page","type-page","status-publish","hentry"],"_links":{"self":[{"href":"https:\/\/www.marcmasmitjapujol.com\/es\/wp-json\/wp\/v2\/pages\/12096","targetHints":{"allow":["GET"]}}],"collection":[{"href":"https:\/\/www.marcmasmitjapujol.com\/es\/wp-json\/wp\/v2\/pages"}],"about":[{"href":"https:\/\/www.marcmasmitjapujol.com\/es\/wp-json\/wp\/v2\/types\/page"}],"author":[{"embeddable":true,"href":"https:\/\/www.marcmasmitjapujol.com\/es\/wp-json\/wp\/v2\/users\/1"}],"replies":[{"embeddable":true,"href":"https:\/\/www.marcmasmitjapujol.com\/es\/wp-json\/wp\/v2\/comments?post=12096"}],"version-history":[{"count":9,"href":"https:\/\/www.marcmasmitjapujol.com\/es\/wp-json\/wp\/v2\/pages\/12096\/revisions"}],"predecessor-version":[{"id":12267,"href":"https:\/\/www.marcmasmitjapujol.com\/es\/wp-json\/wp\/v2\/pages\/12096\/revisions\/12267"}],"wp:attachment":[{"href":"https:\/\/www.marcmasmitjapujol.com\/es\/wp-json\/wp\/v2\/media?parent=12096"}],"curies":[{"name":"wp","href":"https:\/\/api.w.org\/{rel}","templated":true}]}}