{"id":12092,"date":"2017-09-13T14:22:58","date_gmt":"2017-09-13T14:22:58","guid":{"rendered":"http:\/\/www.marcmasmitjapujol.com\/avis-legal\/"},"modified":"2024-11-20T11:27:44","modified_gmt":"2024-11-20T11:27:44","slug":"aviso-legal","status":"publish","type":"page","link":"https:\/\/www.marcmasmitjapujol.com\/es\/aviso-legal\/","title":{"rendered":"Aviso legal"},"content":{"rendered":"<div class=\"fusion-fullwidth fullwidth-box fusion-builder-row-1 hundred-percent-fullwidth non-hundred-percent-height-scrolling\" style=\"--awb-border-radius-top-left:0px;--awb-border-radius-top-right:0px;--awb-border-radius-bottom-right:0px;--awb-border-radius-bottom-left:0px;--awb-overflow:visible;--awb-flex-wrap:wrap;\" ><div class=\"fusion-builder-row fusion-row\"><div class=\"fusion-layout-column fusion_builder_column fusion-builder-column-0 fusion_builder_column_1_1 1_1 fusion-one-full fusion-column-first fusion-column-last fusion-column-no-min-height\" style=\"--awb-bg-size:cover;--awb-margin-bottom:0px;\"><div class=\"fusion-column-wrapper fusion-flex-column-wrapper-legacy\"><div class=\"fusion-title title fusion-title-1 sep-underline sep-solid fusion-title-text fusion-title-size-two\" style=\"--awb-margin-top-small:10px;--awb-margin-right-small:0px;--awb-margin-bottom-small:10px;--awb-margin-left-small:0px;\"><h2 class=\"fusion-title-heading title-heading-left fusion-responsive-typography-calculated\" style=\"margin:0;--fontSize:18;--minFontSize:18;line-height:1.5;\">AVISO LEGAL<\/h2><\/div><div class=\"fusion-clearfix\"><\/div><\/div><\/div><div class=\"fusion-layout-column fusion_builder_column fusion-builder-column-1 fusion_builder_column_1_1 1_1 fusion-one-full fusion-column-first fusion-column-last fusion-column-no-min-height\" style=\"--awb-bg-size:cover;--awb-margin-bottom:0px;\"><div class=\"fusion-column-wrapper fusion-flex-column-wrapper-legacy\"><div class=\"fusion-text fusion-text-1\"><ol>\n<li style=\"list-style-type: none;\">\n<ol>\n<li><strong>Objeto y aceptaci\u00f3n<\/strong><\/li>\n<\/ol>\n<\/li>\n<\/ol>\n<p>El presente aviso legal regula el uso de nuestro sitio web, del que es titular\u00a0<strong>MARC MASMITJA PUJOL<\/strong>\u00a0. La navegaci\u00f3n por el sitio web de\u00a0<strong>MARC MASMITJA PUJOL<\/strong>\u00a0atribuye la condici\u00f3n de usuario del mismo e implica la aceptaci\u00f3n plena y sin reservas de todas y cada una de las disposiciones incluidas en este Aviso Legal, que pueden sufrir modificaciones. Usted se obliga a hacer un uso correcto del sitio web de conformidad con las leyes, la buena fe, el orden p\u00fablico, los usos del tr\u00e1fico y el presente\u00a0<strong>Aviso Legal<\/strong>. El usted responder\u00e1 frente a\u00a0<strong>MARC MASMITJA PUJOL<\/strong>\u00a0o frente a terceros, de cualesquiera da\u00f1os y perjuicios que pudieran causarle como consecuencia del incumplimiento de dicha obligaci\u00f3n.<\/p>\n<ol>\n<li style=\"list-style-type: none;\">\n<ol>\n<li><strong>Identificaci\u00f3n y comunicaciones<\/strong><\/li>\n<\/ol>\n<\/li>\n<\/ol>\n<p><strong>MARC MASMITJA PUJOL<\/strong>, en cumplimiento de la Ley 34\/2002, de 11 de julio, de servicios de la sociedad de la informaci\u00f3n y de comercio electr\u00f3nico, le informa de que:<\/p>\n<ol>\n<li style=\"list-style-type: none;\">\n<ol>\n<li style=\"list-style-type: none;\">\n<ul>\n<li>Su denominaci\u00f3n social es:\u00a0<strong>MARC MASMITJA PUJOL<\/strong><\/li>\n<li>Su CIF es:\u00a0<strong>40340963K<\/strong><\/li>\n<li>Su domicilio social est\u00e1 en:\u00a0<strong>CARRER REMEI, 53 &#8211; (17820) BANYOLES<\/strong><\/li>\n<li>Inscripci\u00f3n al registro mercantil :<\/li>\n<\/ul>\n<\/li>\n<\/ol>\n<\/li>\n<\/ol>\n<p>Para comunicarse con nosotros, ponemos a su disposici\u00f3n diferentes medios de contacto especificados en la\u00a0<strong>pol\u00edtica de privacidad<\/strong>.<\/p>\n<p>Todas las notificaciones y comunicaciones que realice con\u00a0<strong>MARC MASMITJA PUJOL<\/strong>\u00a0se considerar\u00e1n eficaces, a todos los efectos, siempre y cuando se realicen por los medios especificados anteriormente<\/p>\n<ol>\n<li style=\"list-style-type: none;\">\n<ol>\n<li><strong>Condiciones de acceso y utilizaci\u00f3n<\/strong><\/li>\n<\/ol>\n<\/li>\n<\/ol>\n<p>El sitio web y sus servicios son de acceso libre, no obstante,\u00a0<strong>MARC MASMITJA PUJOL<\/strong>\u00a0condiciona la utilizaci\u00f3n de algunos de los servicios ofrecidos en su web a la previa cumplimentaci\u00f3n del correspondiente formulario.<\/p>\n<p>Usted garantiza la autenticidad y actualidad de todos aquellos datos que comunique a\u00a0<strong>MARC MASMITJA PUJOL<\/strong>\u00a0y ser\u00e1 el \u00fanico responsable de las manifestaciones falsas o inexactas que realice.<\/p>\n<p>Usted se compromete expresamente a hacer un uso adecuado de los contenidos y servicios de EL\u00a0<strong>MARC MASMITJA PUJOL<\/strong>\u00a0y a no emplearlos para, entre otros:<\/p>\n<ol>\n<li style=\"list-style-type: none;\">\n<ol>\n<li style=\"list-style-type: none;\">\n<ul>\n<li>Difundir contenidos, delictivos, violentos, pornogr\u00e1ficos, racistas, xen\u00f3fobo, ofensivos, de apolog\u00eda del terrorismo o, en general, contrarios a la ley o al orden p\u00fablico.<\/li>\n<li>Introducir en la red virus inform\u00e1ticos o realizar actuaciones susceptibles de alterar, estropear, interrumpir o generar errores o da\u00f1os en los documentos electr\u00f3nicos, datos o sistemas f\u00edsicos y l\u00f3gicos de\u00a0<strong>MARC MASMITJA PUJOL<\/strong>\u00a0o de terceras personas; as\u00ed como obstaculizar el acceso de otros usuarios al sitio web y a sus servicios mediante el consumo masivo de los recursos inform\u00e1ticos a trav\u00e9s de los cuales\u00a0<strong>MARC MASMITJA PUJOL<\/strong>\u00a0presta sus servicios.<\/li>\n<li>Intentar acceder datos de otros personas o a \u00e1reas restringidas de los sistemas inform\u00e1ticos de\u00a0<strong>MARC MASMITJA PUJOL<\/strong>\u00a0o de terceros y, en su caso, extraer informaci\u00f3n.<\/li>\n<li>Vulnerar los derechos de propiedad intelectual o industrial, as\u00ed como violar la confidencialidad de la informaci\u00f3n de\u00a0<strong>MARC MASMITJA PUJOL<\/strong>\u00a0o de terceros.<\/li>\n<li>Suplantar la identidad de otro usuario, de las administraciones p\u00fablicas o de un tercero.<\/li>\n<li>Reproducir, copiar, distribuir, poner a disposici\u00f3n o de cualquier otra forma comunicar p\u00fablicamente, transformar o modificar los contenidos, a menos que se cuente con la autorizaci\u00f3n del titular de los correspondientes derechos o ello resulte legalmente permitido.<\/li>\n<li>Recabar datos con finalidad publicitaria y de remitir publicidad de cualquier clase y comunicaciones con fines de venta u otras de naturaleza comercial sin que medie su previa solicitud o consentimiento.<\/li>\n<\/ul>\n<\/li>\n<\/ol>\n<\/li>\n<\/ol>\n<p>Todos los contenidos del sitio web, como textos, fotograf\u00edas, gr\u00e1ficos, im\u00e1genes, iconos, tecnolog\u00eda, software, as\u00ed como su dise\u00f1o gr\u00e1fico y c\u00f3digos fuente, constituyen una obra cuya propiedad pertenece a\u00a0<strong>MARC MASMITJA PUJOL<\/strong>, sin que puedan entenderse como cedidos ninguno de los derechos de explotaci\u00f3n sobre los mismos m\u00e1s all\u00e1 de lo estrictamente necesario para el correcto uso de la web.<\/p>\n<p>En definitiva, usted que accede a este sitio web, puede visualizar los contenidos y efectuar, en su caso, copias privadas autorizadas siempre que los elementos reproducidos no sean cedidos posteriormente a terceros, ni se instalen a servidores conectados a redes, ni sean objeto de ning\u00fan tipo de explotaci\u00f3n.<\/p>\n<p>Asimismo, todas las marcas, nombres comerciales o signos distintivos de cualquier clase que aparecen en el sitio web son propiedad de\u00a0<strong>MARC MASMITJA PUJOL<\/strong>, sin que pueda entenderse que el uso o acceso al mismo le atribuya derecho alguno sobre los mismos.<\/p>\n<p>La distribuci\u00f3n, modificaci\u00f3n, cesi\u00f3n o comunicaci\u00f3n p\u00fablica de los contenidos y cualquier otro acto que no haya sido expresamente autorizado por el titular de los derechos de explotaci\u00f3n quedan prohibidos.<\/p>\n<p>El establecimiento de un hiperenlace no implica en ning\u00fan caso la existencia de relaciones entre\u00a0<strong>MARC MASMITJA PUJOL<\/strong>\u00a0y el propietario del sitio web en la que se establezca, ni la aceptaci\u00f3n y aprobaci\u00f3n por parte de\u00a0<strong>MARC MASMITJA PUJOL<\/strong>\u00a0de sus contenidos o servicios. Aquellas personas que se propongan establecer un hiperenlace previamente deber\u00e1n solicitar autorizaci\u00f3n por escrito a\u00a0<strong>MARC MASMITJA PUJOL<\/strong>. En todo caso, el hiperenlace \u00fanicamente permitir\u00e1 el acceso a la home-page o p\u00e1gina de inicio de nuestro sitio web, asimismo deber\u00e1 abstenerse de realizar manifestaciones o indicaciones falsas, inexactas o incorrectas sobre MARC MASMITJA PUJOL, o incluir contenidos il\u00edcitos, contrarios a las buenas costumbres y al orden p\u00fablico.<\/p>\n<p><strong>MARC MASMITJA PUJOL<\/strong>\u00a0no se responsabiliza del uso que cada usuario le d\u00e9 a los materiales puestos a disposici\u00f3n en este sitio web ni de las actuaciones que realice en base a los mismos.<\/p>\n<ol>\n<li style=\"list-style-type: none;\">\n<ol>\n<li><strong>Exclusi\u00f3n de garant\u00edas y de responsabilidad<\/strong><strong>MARC MASMITJA PUJOL<\/strong>\u00a0excluye, hasta donde permite el ordenamiento jur\u00eddico, cualquier responsabilidad por los da\u00f1os y perjuicios de toda naturaleza derivados de:\n<ul>\n<li>La imposibilidad de acceso al sitio web o la falta de veracidad, exactitud, exhaustividad y\/o actualidad de los contenidos, as\u00ed como la existencia de vicios y defectos de toda clase de los contenidos transmitidos, difundidos, almacenados, puestos a disposici\u00f3n a los que se haya accedido a trav\u00e9s del sitio web o de los servicios que se ofrecen.<\/li>\n<li>La presencia de virus o de otros elementos en los contenidos que puedan producir alteraciones en los sistemas inform\u00e1ticos, documentos electr\u00f3nicos o datos de los usuarios.<\/li>\n<li>El incumplimiento de las leyes, la buena fe, el orden p\u00fablico, los usos del tr\u00e1fico y el presente aviso legal como consecuencia del uso incorrecto del sitio web. En particular, y a modo ejemplificativo,\u00a0<strong>MARC MASMITJA PUJOL<\/strong>\u00a0no se hace responsable de las actuaciones de terceros que vulneren derechos de propiedad intelectual e industrial, secretos empresariales, derechos al honor, a la intimidad personal y familiar y a la propia imagen, as\u00ed como la normativa en materia de competencia desleal y publicidad il\u00edcita.<\/li>\n<\/ul>\n<p>Asimismo,\u00a0<strong>MARC MASMITJA PUJOL<\/strong>\u00a0declina cualquier responsabilidad respecto a la informaci\u00f3n que se halle fuera de esta web y no sea gestionada directamente por nuestro webmaster. La funci\u00f3n de los links que aparecen en esta web es exclusivamente la de informar al usuario sobre la existencia de otras fuentes susceptibles de ampliar los contenidos que ofrece este sitio web.\u00a0<strong>MARC MASMITJA PUJOL<\/strong>\u00a0no garantiza ni se responsabiliza del funcionamiento o accesibilidad de los sitios enlazados; ni sugiere, invita o recomienda la visita a los mismos, por lo que tampoco ser\u00e1 responsable del resultado obtenido.\u00a0<strong>MARC MASMITJA PUJOL<\/strong>\u00a0no se responsabiliza del establecimiento de hiperv\u00ednculos por parte de terceros.<\/li>\n<li><strong>Procedimiento en caso de realizaci\u00f3n de actividades de car\u00e1cter il\u00edcito<\/strong><\/li>\n<\/ol>\n<\/li>\n<\/ol>\n<p>En el caso de que usted o un tercero considere que existen hechos o circunstancias que revelen el car\u00e1cter il\u00edcito de la utilizaci\u00f3n de cualquier contenido y\/o de la realizaci\u00f3n de cualquier actividad en las p\u00e1ginas web incluidas o accesibles a trav\u00e9s del sitio web, deber\u00e1 ponerse en contacto con\u00a0<strong>MARC MASMITJA PUJOL<\/strong>\u00a0identific\u00e1ndose debidamente, especificando las supuestas infracciones y declarando expresamente y bajo su responsabilidad que la informaci\u00f3n proporcionada en la notificaci\u00f3n es exacta.<\/p>\n<p>Para toda cuesti\u00f3n litigiosa que incumba al sitio web de\u00a0<strong>MARC MASMITJA PUJOL<\/strong>, ser\u00e1 de aplicaci\u00f3n la legislaci\u00f3n espa\u00f1ola, siendo competentes los Juzgados y Tribunales m\u00e1s cercanos a la sede de\u00a0(Espa\u00f1a).<\/p>\n<ol>\n<li style=\"list-style-type: none;\">\n<ol>\n<li><strong>Publicaciones<\/strong><\/li>\n<\/ol>\n<\/li>\n<\/ol>\n<p>La informaci\u00f3n administrativa facilitada a trav\u00e9s del sitio web no sustituye la publicidad legal de las leyes, normativas, planes, disposiciones generales y actos que tengan que ser publicados formalmente a los diarios oficiales de las administraciones p\u00fablicas, que constituyen el \u00fanico instrumento que da fe de su autenticidad y contenido. La informaci\u00f3n disponible en este sitio web debe entenderse como una gu\u00eda sin prop\u00f3sito de validez legal.<\/p>\n<\/div><div class=\"fusion-sep-clear\"><\/div><div class=\"fusion-separator fusion-full-width-sep\" style=\"margin-left: auto;margin-right: auto;margin-top:20px;margin-bottom:20px;width:100%;\"><\/div><div class=\"fusion-sep-clear\"><\/div><div class=\"fusion-clearfix\"><\/div><\/div><\/div><\/div><\/div>\n","protected":false},"excerpt":{"rendered":"","protected":false},"author":1,"featured_media":0,"parent":0,"menu_order":0,"comment_status":"open","ping_status":"open","template":"","meta":{"footnotes":""},"class_list":["post-12092","page","type-page","status-publish","hentry"],"_links":{"self":[{"href":"https:\/\/www.marcmasmitjapujol.com\/es\/wp-json\/wp\/v2\/pages\/12092","targetHints":{"allow":["GET"]}}],"collection":[{"href":"https:\/\/www.marcmasmitjapujol.com\/es\/wp-json\/wp\/v2\/pages"}],"about":[{"href":"https:\/\/www.marcmasmitjapujol.com\/es\/wp-json\/wp\/v2\/types\/page"}],"author":[{"embeddable":true,"href":"https:\/\/www.marcmasmitjapujol.com\/es\/wp-json\/wp\/v2\/users\/1"}],"replies":[{"embeddable":true,"href":"https:\/\/www.marcmasmitjapujol.com\/es\/wp-json\/wp\/v2\/comments?post=12092"}],"version-history":[{"count":4,"href":"https:\/\/www.marcmasmitjapujol.com\/es\/wp-json\/wp\/v2\/pages\/12092\/revisions"}],"predecessor-version":[{"id":12269,"href":"https:\/\/www.marcmasmitjapujol.com\/es\/wp-json\/wp\/v2\/pages\/12092\/revisions\/12269"}],"wp:attachment":[{"href":"https:\/\/www.marcmasmitjapujol.com\/es\/wp-json\/wp\/v2\/media?parent=12092"}],"curies":[{"name":"wp","href":"https:\/\/api.w.org\/{rel}","templated":true}]}}