{"id":12084,"date":"2017-09-12T16:19:15","date_gmt":"2017-09-12T16:19:15","guid":{"rendered":"http:\/\/www.marcmasmitjapujol.com\/sobre-mi\/"},"modified":"2026-03-30T13:02:10","modified_gmt":"2026-03-30T13:02:10","slug":"sobre-mi","status":"publish","type":"page","link":"https:\/\/www.marcmasmitjapujol.com\/es\/sobre-mi\/","title":{"rendered":"Sobre mi"},"content":{"rendered":"<div class=\"fusion-fullwidth fullwidth-box fusion-builder-row-1 hundred-percent-fullwidth non-hundred-percent-height-scrolling\" style=\"--awb-border-radius-top-left:0px;--awb-border-radius-top-right:0px;--awb-border-radius-bottom-right:0px;--awb-border-radius-bottom-left:0px;--awb-overflow:visible;--awb-flex-wrap:wrap;\" ><div class=\"fusion-builder-row fusion-row\"><div class=\"fusion-layout-column fusion_builder_column fusion-builder-column-0 fusion_builder_column_1_2 1_2 fusion-one-half fusion-column-first\" style=\"--awb-bg-size:cover;width:48%; margin-right: 4%;\"><div class=\"fusion-column-wrapper fusion-flex-column-wrapper-legacy\"><div class=\"fusion-title title fusion-title-1 sep-underline sep-solid fusion-title-text fusion-title-size-two\" style=\"--awb-margin-top-small:10px;--awb-margin-right-small:0px;--awb-margin-bottom-small:10px;--awb-margin-left-small:0px;\"><h2 class=\"fusion-title-heading title-heading-left fusion-responsive-typography-calculated\" style=\"margin:0;--fontSize:18;--minFontSize:18;line-height:1.5;\"><strong>\u201cNadie dice que ser\u00e1 f\u00e1cil, solo que merecer\u00e1 la pena\u201d<\/strong><\/h2><\/div><div class=\"fusion-text fusion-text-1\"><p style=\"text-align: justify;\">Hola, me encanta esta frase, con ella sabes, que si te comprometes a conseguir un objetivo, dedicas tiempo y pones pasi\u00f3n lo conseguir\u00e1s.<\/p>\n<p style=\"text-align: justify;\">Si est\u00e1s aqu\u00ed, es porque quieres saber que hacemos, qui\u00e9n soy y que he hecho en mi vida. O quiz\u00e1s solo quieres informarte un poquito, pues tengo buenas noticias para ti: aqu\u00ed lo podr\u00e1s descubrir todo.<\/p>\n<p style=\"text-align: justify;\">Esta p\u00e1gina web, es para aquellas personas que buscan algo mejor, aquellos que est\u00e1n cansados que como aut\u00f3nomos o peque\u00f1a y mediana empresa tienen que cargar con los problemas habituales de su trabajo y adem\u00e1s con las obligaciones contables, financieras y fiscales. Si eres una de estas personas este es tu lugar.<\/p>\n<p style=\"text-align: justify;\">Si te gusta aprender y saber sobre contabilidad, fiscalidad, finanzas, y te gusta hacerlo de una manera divertida, este es tu lugar.<\/p>\n<p style=\"text-align: justify;\">Si te gustan los mercados financieros y la bolsa, y quieres obtener unos ingresos extras a trav\u00e9s de ello, este es tu lugar.<\/p>\n<\/div><div class=\"fusion-clearfix\"><\/div><\/div><\/div><div class=\"fusion-layout-column fusion_builder_column fusion-builder-column-1 fusion_builder_column_1_2 1_2 fusion-one-half fusion-column-last\" style=\"--awb-bg-size:cover;width:48%;\"><div class=\"fusion-column-wrapper fusion-flex-column-wrapper-legacy\"><div class=\"fusion-person person fusion-person-left fusion-person-1 fusion-person-icon-top\" style=\"--awb-pic-style-color:#000000;--awb-pic-borderradius:0px;--awb-margin-top:0px;--awb-margin-right:0px;--awb-margin-bottom:0px;--awb-margin-left:0px;--awb-social-box-border-top:0px;--awb-social-box-border-right:0px;--awb-social-box-border-bottom:0px;--awb-social-box-border-left:0px;--awb-social-box-border-color:var(--awb-color3);--awb-social-box-border-color-hover:var(--awb-color4);--awb-social-box-colors-hover:rgba(232,232,232,0.8);--awb-social-icon-boxed-colors:#e8e8e8;--awb-social-icon-colors:#bebdbd;--awb-social-icon-colors-hover:rgba(190,189,189,0.8);\"><div class=\"person-shortcode-image-wrapper\"><div class=\"person-image-container hover-type-zoomin\" style=\"border:0px solid #f6f6f6;-webkit-border-radius:0px;-moz-border-radius:0px;border-radius:0px;\"><img decoding=\"async\" class=\"person-img img-responsive\" src=\"http:\/\/www.marcmasmitjapujol.com\/wp-content\/uploads\/2018\/11\/img-sobre-mi.jpg\" alt=\"Marc Masmitj\u00e0 Pujol\" \/><\/div><\/div><div class=\"person-desc\"><div class=\"person-author\"><div class=\"person-author-wrapper\"><span class=\"person-name\">Marc Masmitj\u00e0 Pujol<\/span><span class=\"person-title\">Economista<\/span><\/div><div class=\"fusion-social-networks boxed-icons\"><div class=\"fusion-social-networks-wrapper\"><a class=\"fusion-social-network-icon fusion-tooltip fusion-facebook awb-icon-facebook custom\" aria-label=\"fusion-facebook\" href=\"https:\/\/www.facebook.com\/marc.masmitja\/\" target=\"_blank\" rel=\"noopener noreferrer\" style=\"color:#bebdbd;background-color:#e8e8e8;border-color:var(--awb-color3);border-radius:4px;font-size:16px;padding:8px;\" data-placement=\"top\" data-title=\"Facebook\" title=\"Facebook\" data-toggle=\"tooltip\"><\/a><a class=\"fusion-social-network-icon fusion-tooltip fusion-instagram awb-icon-instagram custom\" aria-label=\"fusion-instagram\" href=\"https:\/\/www.instagram.com\/marcmasmitjaeconomista\/\" target=\"_blank\" rel=\"noopener noreferrer\" style=\"color:#bebdbd;background-color:#e8e8e8;border-color:var(--awb-color3);border-radius:4px;font-size:16px;padding:8px;\" data-placement=\"top\" data-title=\"Instagram\" title=\"Instagram\" data-toggle=\"tooltip\"><\/a><a class=\"fusion-social-network-icon fusion-tooltip fusion-linkedin awb-icon-linkedin custom\" aria-label=\"fusion-linkedin\" href=\"https:\/\/www.linkedin.com\/in\/marc-masmitja-pujol\/\" target=\"_blank\" rel=\"noopener noreferrer\" style=\"color:#bebdbd;background-color:#e8e8e8;border-color:var(--awb-color3);border-radius:4px;font-size:16px;padding:8px;\" data-placement=\"top\" data-title=\"LinkedIn\" title=\"LinkedIn\" data-toggle=\"tooltip\"><\/a><\/div><\/div><\/div><div class=\"person-content fusion-clearfix\">Soy <strong>Marc Masmitj\u00e0 Pujol<\/strong>, Diplomado en Ciencias Empresariales por la UdG (Universidad de Girona), Licenciado en Administraci\u00f3n y Direcci\u00f3n d\u00b4Emprendidas por la UdG, Posgrado en Fiscalidad Directa por la UdG y Grado de Derecho por la UOC, adem\u00e1s, de otras muchas cosas que para conocernos tienen relativa importancia. Me dedico al asesoramiento fiscal, contable y laboral de aut\u00f3nomos y PYMES, as\u00ed como a la impartici\u00f3n de cursos sobre estas materias. Asesoro a las familias y particulares financieramente y a rentabilizar sus ahorros. Tambi\u00e9n soy profesor de la asignatura \u201cCimientos del emprendedor\u201d en la Facultad de Ciencias Econ\u00f3micas y Empresariales de la UdG.<\/div><\/div><\/div><div class=\"fusion-sep-clear\"><\/div><div class=\"fusion-separator fusion-full-width-sep\" style=\"margin-left: auto;margin-right: auto;margin-top:10px;margin-bottom:10px;width:100%;\"><div class=\"fusion-separator-border sep-double\" style=\"--awb-height:20px;--awb-amount:20px;--awb-sep-color:#ffffff;border-color:#ffffff;border-top-width:0px;border-bottom-width:0px;\"><\/div><\/div><div class=\"fusion-sep-clear\"><\/div><div class=\"fusion-clearfix\"><\/div><\/div><\/div><div class=\"fusion-layout-column fusion_builder_column fusion-builder-column-2 fusion_builder_column_1_1 1_1 fusion-one-full fusion-column-first fusion-column-last\" style=\"--awb-bg-size:cover;\"><div class=\"fusion-column-wrapper fusion-flex-column-wrapper-legacy\"><div class=\"fusion-title title fusion-title-2 sep-underline sep-solid fusion-title-text fusion-title-size-two\" style=\"--awb-margin-top-small:10px;--awb-margin-right-small:0px;--awb-margin-bottom-small:10px;--awb-margin-left-small:0px;\"><h2 class=\"fusion-title-heading title-heading-left fusion-responsive-typography-calculated\" style=\"margin:0;--fontSize:18;--minFontSize:18;line-height:1.5;\"><strong>Mi historia<\/strong><\/h2><\/div><div class=\"fusion-text fusion-text-2\"><p style=\"text-align: justify;\">Una persona normal vive en la rutina hasta que alg\u00fan d\u00eda pasa algo diferente. Ese d\u00eda empieza un viaje que lo cambiar\u00e1 todo. En ese viaje el protagonista se enfrenta a varias pruebas, y las supera todas, otra cosa es si con \u00e9xito o no. Cuando tiene \u00e9xito est\u00e1 contento y aprende, cuando no lo tiene, solo aprende.<\/p>\n<p style=\"text-align: justify;\">Y por el camino se encuentra con tres tipos de personas: gente que le ayuda, gente indiferente y gente que solo ve problemas y preocupaciones (recomiendo no hacerles mucho caso).<\/p>\n<p style=\"text-align: justify;\">Al final, el protagonista se encuentra con una gran prueba. Esta prueba la tiene que superar por fuerza y cuando la supera vuelve a ser una persona normal, y aunque nada ha cambiado, todo ha cambiado, porque \u00e9l mismo ha cambiado. Hay una transformaci\u00f3n interior.<\/p>\n<\/div><div class=\"fusion-text fusion-text-3\"><p>Pues bien, el d\u00eda en que pas\u00f3 algo fue a mediados del a\u00f1o 2011. En aquel momento estaba trabajando como sub-director de oficina a la entidad financiera Caixa d\u00b4Estalvis Laietana. Un trabajo que si bien al principio me gustaba, poco a poco se fue transformando a comercial, ten\u00eda que vender productos (la mayor\u00eda de ellos perversos) cada d\u00eda y todo el d\u00eda, y \u201cme hicieron pasar\u201d de ser un buen asesor financiero a un mal comercial. Hasta que abr\u00ed el correo electr\u00f3nico y me encontr\u00e9 la que hasta ahora ha sido una de las mejores noticias de mi vida, en uno de ellos, dec\u00eda que a causa de la pr\u00f3xima fusi\u00f3n de 7 entidades y la creaci\u00f3n de la nueva Bankia (ahora absorbida por CaixaBank), todos los empleados que quisieran se pod\u00edan acoger en un plan de bajas incentivadas y dejar el trabajo. El coraz\u00f3n me dio un vuelco, era una oportunidad \u00fanica de dejar el trabajo y empezar una nueva vida y ten\u00eda que aprovecharla. Despu\u00e9s de reflexionar unos meses y consultarlo con pareja, familia y amigos decid\u00ed aceptarla. Laboralmente hablando, ha sido la mejor decisi\u00f3n de mi vida. Evidentemente, como no pod\u00eda ser de otra manera, no me lo pusieron f\u00e1cil y en un principio me dijeron que no era posible. Despu\u00e9s de esperar m\u00e1s de 6 meses y cuando estaba de vacaciones tranquilamente tomando el sol una ma\u00f1ana de julio en la playa de Torre Valentina me llamaron y me dijeron que aceptaban mi baja.<\/p>\n<p>A partir de aqu\u00ed y como dice la frase del principio, no est\u00e1 siendo un camino nada f\u00e1cil y s\u00ed que vale mucho la pena. He crecido una barbaridad tanto personal como profesionalmente, he conocido personas fant\u00e1sticas, y aunque pueda parecer incre\u00edble : \u00a1\u00a1 MEGUSTA Y DISFRUTO CON MI TRABAJO!!<\/p>\n<p>Y para acabar con esta secci\u00f3n, os explicar\u00e9 unas cu\u00e1ntas curiosidades sobre m\u00ed, que probablemente no tienen nada que ver con la p\u00e1gina y que espero que te puedan sacar una sonrisa y ver que no hay un robot sino una persona de carne y huesos:<\/p>\n<ul>\n<li>Desde que ten\u00eda 7 a\u00f1os juego cada semana a las quinielas de f\u00fatbol. No he ganado nunca nada.<\/li>\n<li>Soy socio del FC Barcelona y del Girona FC.<\/li>\n<li>Tengo 206 huesos en el cuerpo como la mayor\u00eda de los humanos.<\/li>\n<li>Me gusta mucho el deporte y hago traves\u00edas de larga distancia nadando.<\/li>\n<li>Cont\u00ednuamente me estoy formando en coaching, PNL y crecimiento personal.<\/li>\n<li>Estoy en plena forma y vivir\u00e9 m\u00e1s de 100 a\u00f1os.<\/li>\n<li>No tomo caf\u00e9 ni Coca Cola.<\/li>\n<li>Leo un nuevo libro cada semana.<\/li>\n<li>Mi familia y mis amigos, no los cambio por nada.<\/li>\n<\/ul>\n<\/div><div class=\"fusion-clearfix\"><\/div><\/div><\/div><div class=\"fusion-layout-column fusion_builder_column fusion-builder-column-3 fusion_builder_column_1_1 1_1 fusion-one-full fusion-column-first fusion-column-last\" style=\"--awb-bg-size:cover;\"><div class=\"fusion-column-wrapper fusion-flex-column-wrapper-legacy\"><div class=\"fusion-section-separator section-separator triangle fusion-section-separator-1\" style=\"--awb-border-top:1px solid #f6f6f6;--awb-spacer-height:1px;--awb-svg-margin-left:0;--awb-svg-margin-right:0;--awb-icon-color:#ffffff;\"><div class=\"fusion-section-separator-svg\"><div class=\"divider-candy-arrow top\" style=\"bottom:0px;border-bottom-color: #f6f6f6;\"><\/div><div class=\"divider-candy top\" style=\"top:-21px;border-bottom:1px solid #f6f6f6;border-left:1px solid #f6f6f6;\"><\/div><\/div><div class=\"fusion-section-separator-spacer\"><div class=\"fusion-section-separator-spacer-height\"><\/div><\/div><\/div><div class=\"fusion-clearfix\"><\/div><\/div><\/div><div class=\"fusion-layout-column fusion_builder_column fusion-builder-column-4 fusion_builder_column_1_1 1_1 fusion-one-full fusion-column-first fusion-column-last fusion-column-no-min-height\" style=\"--awb-bg-size:cover;--awb-margin-top:40px;--awb-margin-bottom:0px;\"><div class=\"fusion-column-wrapper fusion-flex-column-wrapper-legacy\"><div class=\"fusion-reading-box-container reading-box-container-1\" style=\"--awb-title-color:#5d0e8b;--awb-margin-top:0px;--awb-margin-bottom:84px;\"><div class=\"reading-box\" style=\"background-color:#f6f6f6;border-width:1px;border-color:#f6f6f6;border-top-width:3px;border-top-color:var(--primary_color);border-style:solid;\"><a class=\"button fusion-button button-default fusion-button-large button-large button-flat fusion-desktop-button fusion-tagline-button continue fusion-desktop-button-margin continue-right\" style=\"-webkit-box-shadow:none;-moz-box-shadow:none;box-shadow:none;border-radius:  \" href=\"contacto\" target=\"_self\"><span>Contacta conmigo<\/span><\/a><h2>Necesitas asesoramiento econ\u00f3mico y fiscal?<\/h2><div class=\"reading-box-description fusion-reading-box-additional\">Contacta conmigo y te aclarar\u00e9 cualquier duda que puedas tener a nivel financiero, fiscal, etc.<\/div><div class=\"fusion-clearfix\"><\/div><a class=\"button fusion-button button-default fusion-button-large button-large button-flat fusion-mobile-button continue-right\" style=\"-webkit-box-shadow:none;-moz-box-shadow:none;box-shadow:none;border-radius:  \" href=\"contacto\" target=\"_self\"><span>Contacta conmigo<\/span><\/a><\/div><\/div><div class=\"fusion-clearfix\"><\/div><\/div><\/div><\/div><\/div>\n","protected":false},"excerpt":{"rendered":"","protected":false},"author":1,"featured_media":0,"parent":0,"menu_order":0,"comment_status":"open","ping_status":"closed","template":"","meta":{"footnotes":""},"class_list":["post-12084","page","type-page","status-publish","hentry"],"_links":{"self":[{"href":"https:\/\/www.marcmasmitjapujol.com\/es\/wp-json\/wp\/v2\/pages\/12084","targetHints":{"allow":["GET"]}}],"collection":[{"href":"https:\/\/www.marcmasmitjapujol.com\/es\/wp-json\/wp\/v2\/pages"}],"about":[{"href":"https:\/\/www.marcmasmitjapujol.com\/es\/wp-json\/wp\/v2\/types\/page"}],"author":[{"embeddable":true,"href":"https:\/\/www.marcmasmitjapujol.com\/es\/wp-json\/wp\/v2\/users\/1"}],"replies":[{"embeddable":true,"href":"https:\/\/www.marcmasmitjapujol.com\/es\/wp-json\/wp\/v2\/comments?post=12084"}],"version-history":[{"count":17,"href":"https:\/\/www.marcmasmitjapujol.com\/es\/wp-json\/wp\/v2\/pages\/12084\/revisions"}],"predecessor-version":[{"id":12367,"href":"https:\/\/www.marcmasmitjapujol.com\/es\/wp-json\/wp\/v2\/pages\/12084\/revisions\/12367"}],"wp:attachment":[{"href":"https:\/\/www.marcmasmitjapujol.com\/es\/wp-json\/wp\/v2\/media?parent=12084"}],"curies":[{"name":"wp","href":"https:\/\/api.w.org\/{rel}","templated":true}]}}